{"id":301,"date":"2025-10-05T20:48:39","date_gmt":"2025-10-05T20:48:39","guid":{"rendered":"https:\/\/dansesdelsrecordsxr.com\/?page_id=301"},"modified":"2025-10-05T21:18:06","modified_gmt":"2025-10-05T21:18:06","slug":"metodologia-i-proces","status":"publish","type":"page","link":"https:\/\/dansesdelsrecordsxr.com\/index.php\/metodologia-i-proces\/","title":{"rendered":"Metodologia i proc\u00e9s"},"content":{"rendered":"[vc_row type=&#8221;full_width_background&#8221; full_screen_row_position=&#8221;middle&#8221; column_margin=&#8221;custom&#8221; column_margin_custom=&#8221;4%&#8221; column_direction=&#8221;default&#8221; column_direction_tablet=&#8221;default&#8221; column_direction_phone=&#8221;default&#8221; scene_position=&#8221;center&#8221; top_padding_phone=&#8221;10&#8243; text_color=&#8221;dark&#8221; text_align=&#8221;left&#8221; row_border_radius=&#8221;none&#8221; row_border_radius_applies=&#8221;bg&#8221; overflow=&#8221;visible&#8221; overlay_strength=&#8221;0.3&#8243; gradient_direction=&#8221;left_to_right&#8221; shape_divider_position=&#8221;bottom&#8221; bg_image_animation=&#8221;none&#8221; gradient_type=&#8221;default&#8221; shape_type=&#8221;&#8221;][vc_column column_padding=&#8221;no-extra-padding&#8221; column_padding_tablet=&#8221;inherit&#8221; column_padding_phone=&#8221;inherit&#8221; column_padding_position=&#8221;all&#8221; column_element_direction_desktop=&#8221;default&#8221; column_element_spacing=&#8221;30px&#8221; desktop_text_alignment=&#8221;default&#8221; tablet_text_alignment=&#8221;default&#8221; phone_text_alignment=&#8221;default&#8221; sticky_content=&#8221;true&#8221; sticky_content_functionality=&#8221;css&#8221; sticky_content_alignment=&#8221;default&#8221; background_color_opacity=&#8221;1&#8243; background_hover_color_opacity=&#8221;1&#8243; column_backdrop_filter=&#8221;none&#8221; column_shadow=&#8221;none&#8221; column_border_radius=&#8221;none&#8221; column_link_target=&#8221;_self&#8221; column_position=&#8221;default&#8221; gradient_direction=&#8221;left_to_right&#8221; overlay_strength=&#8221;0.3&#8243; width=&#8221;1\/3&#8243; tablet_width_inherit=&#8221;default&#8221; animation_type=&#8221;default&#8221; enable_animation=&#8221;true&#8221; animation=&#8221;fade-in&#8221; animation_easing=&#8221;default&#8221; bg_image_animation=&#8221;none&#8221; border_type=&#8221;simple&#8221; column_border_width=&#8221;none&#8221; column_border_style=&#8221;solid&#8221; column_padding_type=&#8221;default&#8221; gradient_type=&#8221;default&#8221;][nectar_responsive_text inherited_font_style=&#8221;default&#8221; font_size_max=&#8221;54px&#8221; text_direction=&#8221;default&#8221; font_size_desktop=&#8221;3vw&#8221; font_line_height=&#8221;1.1&#8243; font_size_tablet=&#8221;5vw&#8221; font_size_phone=&#8221;34px&#8221;]\n<h3>Metodologia i proc\u00e9s<\/h3>\n[\/nectar_responsive_text][vc_row_inner column_margin=&#8221;default&#8221; column_direction=&#8221;default&#8221; column_direction_tablet=&#8221;default&#8221; column_direction_phone=&#8221;default&#8221; text_align=&#8221;left&#8221; row_position=&#8221;default&#8221; row_position_tablet=&#8221;inherit&#8221; row_position_phone=&#8221;inherit&#8221; overflow=&#8221;visible&#8221; pointer_events=&#8221;all&#8221;][vc_column_inner column_padding=&#8221;no-extra-padding&#8221; column_padding_tablet=&#8221;inherit&#8221; column_padding_phone=&#8221;inherit&#8221; column_padding_position=&#8221;all&#8221; column_element_direction_desktop=&#8221;default&#8221; column_element_spacing=&#8221;10px&#8221; desktop_text_alignment=&#8221;default&#8221; tablet_text_alignment=&#8221;default&#8221; phone_text_alignment=&#8221;default&#8221; background_color_opacity=&#8221;1&#8243; background_hover_color_opacity=&#8221;1&#8243; column_backdrop_filter=&#8221;none&#8221; column_shadow=&#8221;none&#8221; column_border_radius=&#8221;none&#8221; column_link_target=&#8221;_self&#8221; overflow=&#8221;visible&#8221; gradient_direction=&#8221;left_to_right&#8221; overlay_strength=&#8221;0.3&#8243; width=&#8221;1\/1&#8243; tablet_width_inherit=&#8221;default&#8221; animation_type=&#8221;default&#8221; bg_image_animation=&#8221;none&#8221; border_type=&#8221;simple&#8221; column_border_width=&#8221;none&#8221; column_border_style=&#8221;solid&#8221; column_padding_type=&#8221;default&#8221; gradient_type=&#8221;default&#8221;][nectar_responsive_text inherited_font_style=&#8221;default&#8221; text_direction=&#8221;default&#8221;]\n<p data-start=\"112\" data-end=\"138\"><strong data-start=\"112\" data-end=\"136\">Metodologia i proc\u00e9s<\/strong><\/p>\n<p data-start=\"140\" data-end=\"636\">El projecte avan\u00e7a com una conversa llarga amb les persones participants. Primer escoltem: entrevistes breus, mirades compartides a \u00e0lbums familiars, objectes que surten d\u2019un calaix i tornen a ocupar el centre de la taula. A partir d\u2019aqu\u00ed codissenyem: quines imatges ressonen, quins sons s\u00f3n significatius, quins gestos, com un balanceig o un palmell que marca el ritme, se senten naturals. Aquestes troballes es transformen en esbossos d\u2019experi\u00e8ncia que provem en sessions curtes i agradables.<\/p>\n<p data-start=\"638\" data-end=\"1197\">Mentrestant, adaptem els models generatius perqu\u00e8 siguin frugals i clars: filtres que netegen sorolls, algorismes que simplifiquen formes i paletes perqu\u00e8 la realitat augmentada sigui llegible fins i tot en pantalles i ulleres assequibles. El nostre criteri \u00e9s senzill: si el digital distreu, sobra; si ajuda a recon\u00e8ixer, hi t\u00e9 lloc. L\u2019equip t\u00e8cnic i els professionals de cura comparteixen una taula de treball on es carreguen materials, es defineixen sessions i s\u2019observa l\u2019\u00fas mitjan\u00e7ant un quadre de comandament que mostra freq\u00fc\u00e8ncia, durada i reaccions.<\/p>\n<p data-start=\"1199\" data-end=\"1681\">Quan entrem a resid\u00e8ncies, ho fem amb ritme suau: una primera ronda de presentaci\u00f3, sessions pilot amb grups petits, ajustos sobre la marxa i una devoluci\u00f3 clara a fam\u00edlies i equips. Deixem tauletes i ulleres disponibles al centre, juntament amb guies breus perqu\u00e8 es puguin repetir sessions de manera aut\u00f2noma. Al final d\u2019un cicle, recollim hist\u00f2ries i dades d\u2019\u00fas per refinar l\u2019experi\u00e8ncia: qu\u00e8 ha despertat conversa, qu\u00e8 ha redu\u00eft inquietud, quines m\u00fasiques han obert finestres.<\/p>\n<p data-start=\"1683\" data-end=\"2121\">Des del primer dia, el comprom\u00eds \u00e8tic \u00e9s expl\u00edcit: consentiment informat, minimitzaci\u00f3 de dades, transpar\u00e8ncia sobre qu\u00e8 es guarda i on, i la certesa que cap informaci\u00f3 sensible s\u2019utilitzar\u00e0 fora del context acordat. La nostra avaluaci\u00f3 combina l\u2019escolta qualitativa amb indicadors senzills de benestar i participaci\u00f3, i quan un equip cl\u00ednic col\u00b7laborador ho considera pertinent, aplica mesures est\u00e0ndard sota els seus propis protocols.<\/p>\n[\/nectar_responsive_text][\/vc_column_inner][\/vc_row_inner][\/vc_column][vc_column column_padding=&#8221;no-extra-padding&#8221; column_padding_tablet=&#8221;inherit&#8221; column_padding_phone=&#8221;inherit&#8221; column_padding_position=&#8221;all&#8221; column_element_direction_desktop=&#8221;default&#8221; column_element_spacing=&#8221;20px&#8221; desktop_text_alignment=&#8221;default&#8221; tablet_text_alignment=&#8221;default&#8221; phone_text_alignment=&#8221;default&#8221; background_color_opacity=&#8221;1&#8243; background_hover_color_opacity=&#8221;1&#8243; column_backdrop_filter=&#8221;none&#8221; column_shadow=&#8221;none&#8221; column_border_radius=&#8221;none&#8221; column_link_target=&#8221;_self&#8221; column_position=&#8221;default&#8221; gradient_direction=&#8221;left_to_right&#8221; overlay_strength=&#8221;0.3&#8243; width=&#8221;2\/3&#8243; tablet_width_inherit=&#8221;default&#8221; animation_type=&#8221;default&#8221; enable_animation=&#8221;true&#8221; animation=&#8221;fade-in&#8221; animation_easing=&#8221;default&#8221; bg_image_animation=&#8221;none&#8221; border_type=&#8221;simple&#8221; column_border_width=&#8221;none&#8221; column_border_style=&#8221;solid&#8221; column_padding_type=&#8221;default&#8221; gradient_type=&#8221;default&#8221;][image_with_animation image_url=&#8221;318&#8243; image_size=&#8221;full&#8221; max_width=&#8221;100%&#8221; max_width_mobile=&#8221;default&#8221; animation_type=&#8221;entrance&#8221; animation=&#8221;None&#8221; animation_movement_type=&#8221;transform_y&#8221; hover_animation=&#8221;none&#8221; alignment=&#8221;&#8221; border_radius=&#8221;20px&#8221; box_shadow=&#8221;none&#8221; image_loading=&#8221;skip-lazy-load&#8221;][image_with_animation image_url=&#8221;320&#8243; image_size=&#8221;portfolio-thumb_large&#8221; max_width=&#8221;none&#8221; max_width_mobile=&#8221;default&#8221; animation_type=&#8221;entrance&#8221; animation=&#8221;None&#8221; animation_movement_type=&#8221;transform_y&#8221; hover_animation=&#8221;none&#8221; alignment=&#8221;&#8221; border_radius=&#8221;20px&#8221; box_shadow=&#8221;none&#8221; image_loading=&#8221;default&#8221;][\/vc_column][\/vc_row]\n","protected":false},"excerpt":{"rendered":"<p>[vc_row type=&#8221;full_width_background&#8221; full_screen_row_position=&#8221;middle&#8221; column_margin=&#8221;custom&#8221; column_margin_custom=&#8221;4%&#8221; column_direction=&#8221;default&#8221; column_direction_tablet=&#8221;default&#8221; column_direction_phone=&#8221;default&#8221; scene_position=&#8221;center&#8221; top_padding_phone=&#8221;10&#8243; text_color=&#8221;dark&#8221; text_align=&#8221;left&#8221; row_border_radius=&#8221;none&#8221; row_border_radius_applies=&#8221;bg&#8221; overflow=&#8221;visible&#8221; overlay_strength=&#8221;0.3&#8243; gradient_direction=&#8221;left_to_right&#8221; shape_divider_position=&#8221;bottom&#8221; bg_image_animation=&#8221;none&#8221; gradient_type=&#8221;default&#8221; shape_type=&#8221;&#8221;][vc_column column_padding=&#8221;no-extra-padding&#8221; column_padding_tablet=&#8221;inherit&#8221; column_padding_phone=&#8221;inherit&#8221; column_padding_position=&#8221;all&#8221; column_element_direction_desktop=&#8221;default&#8221; column_element_spacing=&#8221;30px&#8221; desktop_text_alignment=&#8221;default&#8221; tablet_text_alignment=&#8221;default&#8221; phone_text_alignment=&#8221;default&#8221;&#8230;<\/p>\n","protected":false},"author":2,"featured_media":0,"parent":0,"menu_order":0,"comment_status":"closed","ping_status":"closed","template":"","meta":{"footnotes":""},"class_list":["post-301","page","type-page","status-publish"],"_links":{"self":[{"href":"https:\/\/dansesdelsrecordsxr.com\/index.php\/wp-json\/wp\/v2\/pages\/301","targetHints":{"allow":["GET"]}}],"collection":[{"href":"https:\/\/dansesdelsrecordsxr.com\/index.php\/wp-json\/wp\/v2\/pages"}],"about":[{"href":"https:\/\/dansesdelsrecordsxr.com\/index.php\/wp-json\/wp\/v2\/types\/page"}],"author":[{"embeddable":true,"href":"https:\/\/dansesdelsrecordsxr.com\/index.php\/wp-json\/wp\/v2\/users\/2"}],"replies":[{"embeddable":true,"href":"https:\/\/dansesdelsrecordsxr.com\/index.php\/wp-json\/wp\/v2\/comments?post=301"}],"version-history":[{"count":4,"href":"https:\/\/dansesdelsrecordsxr.com\/index.php\/wp-json\/wp\/v2\/pages\/301\/revisions"}],"predecessor-version":[{"id":321,"href":"https:\/\/dansesdelsrecordsxr.com\/index.php\/wp-json\/wp\/v2\/pages\/301\/revisions\/321"}],"wp:attachment":[{"href":"https:\/\/dansesdelsrecordsxr.com\/index.php\/wp-json\/wp\/v2\/media?parent=301"}],"curies":[{"name":"wp","href":"https:\/\/api.w.org\/{rel}","templated":true}]}}