{"id":297,"date":"2025-10-05T20:45:00","date_gmt":"2025-10-05T20:45:00","guid":{"rendered":"https:\/\/dansesdelsrecordsxr.com\/?page_id=297"},"modified":"2025-10-05T22:38:21","modified_gmt":"2025-10-05T22:38:21","slug":"expansio-geografica","status":"publish","type":"page","link":"https:\/\/dansesdelsrecordsxr.com\/index.php\/expansio-geografica\/","title":{"rendered":"Expansi\u00f3 geogr\u00e0fica"},"content":{"rendered":"[vc_row type=&#8221;full_width_background&#8221; full_screen_row_position=&#8221;middle&#8221; column_margin=&#8221;custom&#8221; column_margin_custom=&#8221;4%&#8221; column_direction=&#8221;default&#8221; column_direction_tablet=&#8221;default&#8221; column_direction_phone=&#8221;default&#8221; scene_position=&#8221;center&#8221; top_padding_phone=&#8221;10&#8243; text_color=&#8221;dark&#8221; text_align=&#8221;left&#8221; row_border_radius=&#8221;none&#8221; row_border_radius_applies=&#8221;bg&#8221; overflow=&#8221;visible&#8221; overlay_strength=&#8221;0.3&#8243; gradient_direction=&#8221;left_to_right&#8221; shape_divider_position=&#8221;bottom&#8221; bg_image_animation=&#8221;none&#8221; gradient_type=&#8221;default&#8221; shape_type=&#8221;&#8221;][vc_column column_padding=&#8221;no-extra-padding&#8221; column_padding_tablet=&#8221;inherit&#8221; column_padding_phone=&#8221;inherit&#8221; column_padding_position=&#8221;all&#8221; column_element_direction_desktop=&#8221;default&#8221; column_element_spacing=&#8221;30px&#8221; desktop_text_alignment=&#8221;default&#8221; tablet_text_alignment=&#8221;default&#8221; phone_text_alignment=&#8221;default&#8221; sticky_content=&#8221;true&#8221; sticky_content_functionality=&#8221;css&#8221; sticky_content_alignment=&#8221;default&#8221; background_color_opacity=&#8221;1&#8243; background_hover_color_opacity=&#8221;1&#8243; column_backdrop_filter=&#8221;none&#8221; column_shadow=&#8221;none&#8221; column_border_radius=&#8221;none&#8221; column_link_target=&#8221;_self&#8221; column_position=&#8221;default&#8221; gradient_direction=&#8221;left_to_right&#8221; overlay_strength=&#8221;0.3&#8243; width=&#8221;1\/3&#8243; tablet_width_inherit=&#8221;default&#8221; animation_type=&#8221;default&#8221; enable_animation=&#8221;true&#8221; animation=&#8221;fade-in&#8221; animation_easing=&#8221;default&#8221; bg_image_animation=&#8221;none&#8221; border_type=&#8221;simple&#8221; column_border_width=&#8221;none&#8221; column_border_style=&#8221;solid&#8221; column_padding_type=&#8221;default&#8221; gradient_type=&#8221;default&#8221;][nectar_responsive_text inherited_font_style=&#8221;default&#8221; font_size_max=&#8221;54px&#8221; text_direction=&#8221;default&#8221; font_size_desktop=&#8221;3vw&#8221; font_line_height=&#8221;1.1&#8243; font_size_tablet=&#8221;5vw&#8221; font_size_phone=&#8221;34px&#8221;]\n<h3>Expansi\u00f3 geogr\u00e0fica<\/h3>\n[\/nectar_responsive_text][vc_row_inner column_margin=&#8221;default&#8221; column_direction=&#8221;default&#8221; column_direction_tablet=&#8221;default&#8221; column_direction_phone=&#8221;default&#8221; text_align=&#8221;left&#8221; row_position=&#8221;default&#8221; row_position_tablet=&#8221;inherit&#8221; row_position_phone=&#8221;inherit&#8221; overflow=&#8221;visible&#8221; pointer_events=&#8221;all&#8221;][vc_column_inner column_padding=&#8221;no-extra-padding&#8221; column_padding_tablet=&#8221;inherit&#8221; column_padding_phone=&#8221;inherit&#8221; column_padding_position=&#8221;all&#8221; column_element_direction_desktop=&#8221;default&#8221; column_element_spacing=&#8221;10px&#8221; desktop_text_alignment=&#8221;default&#8221; tablet_text_alignment=&#8221;default&#8221; phone_text_alignment=&#8221;default&#8221; background_color_opacity=&#8221;1&#8243; background_hover_color_opacity=&#8221;1&#8243; column_backdrop_filter=&#8221;none&#8221; column_shadow=&#8221;none&#8221; column_border_radius=&#8221;none&#8221; column_link_target=&#8221;_self&#8221; overflow=&#8221;visible&#8221; gradient_direction=&#8221;left_to_right&#8221; overlay_strength=&#8221;0.3&#8243; width=&#8221;1\/1&#8243; tablet_width_inherit=&#8221;default&#8221; animation_type=&#8221;default&#8221; bg_image_animation=&#8221;none&#8221; border_type=&#8221;simple&#8221; column_border_width=&#8221;none&#8221; column_border_style=&#8221;solid&#8221; column_padding_type=&#8221;default&#8221; gradient_type=&#8221;default&#8221;][nectar_responsive_text inherited_font_style=&#8221;default&#8221; text_direction=&#8221;default&#8221;]\n<p data-start=\"6784\" data-end=\"7586\">El projecte neix <strong data-start=\"6801\" data-end=\"6824\">arrelat a Barcelona<\/strong>, per\u00f2 la seva for\u00e7a \u00e9s la <strong data-start=\"6851\" data-end=\"6875\">capacitat de viatjar<\/strong>. Cada territori t\u00e9 m\u00fasiques, paraules i objectes que el defineixen; la nostra feina \u00e9s <strong data-start=\"6963\" data-end=\"6979\">escoltar-los<\/strong> i adaptar l\u2019experi\u00e8ncia perqu\u00e8 soni aut\u00e8ntica. El cam\u00ed natural comen\u00e7a pel <strong data-start=\"7055\" data-end=\"7097\">teixit de resid\u00e8ncies i centres de dia<\/strong> de l\u2019\u00e0rea metropolitana, on consolidem processos i formem equips de centre; s\u2019est\u00e9n despr\u00e9s a <strong data-start=\"7192\" data-end=\"7225\">altres comarques de Catalunya<\/strong>, amb una xarxa d\u2019aliances locals; i continua cap a <strong data-start=\"7277\" data-end=\"7308\">altres comunitats d\u2019Espanya<\/strong> amb adaptacions culturals i ling\u00fc\u00edstiques. A partir d\u2019aqu\u00ed, el projecte pot circular cap a <strong data-start=\"7400\" data-end=\"7427\">Europa i Llatinoam\u00e8rica<\/strong> mitjan\u00e7ant <strong data-start=\"7439\" data-end=\"7466\">pilots amb socis locals<\/strong> (universitats, hospitals, museus i plataformes culturals) que ajudin a aterrar continguts, marcs legals i expectatives.<\/p>\n<p data-start=\"7588\" data-end=\"8031\">Preparem un <strong data-start=\"7600\" data-end=\"7623\">kit d\u2019implementaci\u00f3<\/strong> perqu\u00e8 la replicaci\u00f3 sigui neta i realista: guies de privacitat i accessibilitat, recomanacions de hardware assequible, itineraris de formaci\u00f3 \u201c<strong data-start=\"7768\" data-end=\"7789\">train\u2011the\u2011trainer<\/strong>\u201d i un sistema de suport remot per a dubtes i emerg\u00e8ncies. La plataforma \u00e9s <strong data-start=\"7865\" data-end=\"7876\">modular<\/strong>: permet integrar arxius familiars, funciona amb <strong data-start=\"7925\" data-end=\"7956\">dispositius de cost moderat<\/strong> i mant\u00e9 una est\u00e8tica clara i universal, capa\u00e7 de respectar accents locals.<\/p>\n<p data-start=\"8033\" data-end=\"8442\">Tota expansi\u00f3 \u00e9s <strong data-start=\"8050\" data-end=\"8088\">gradual i basada en evid\u00e8ncia d\u2019\u00fas<\/strong>: all\u00e0 on l\u2019experi\u00e8ncia arrela i es mant\u00e9 viva \u2014perqu\u00e8 les fam\u00edlies la fan seva i els equips la incorporen a la rutina\u2014, hi invertim m\u00e9s. All\u00e0 on cal adaptar llenguatge, m\u00fasiques o ritmes, <strong data-start=\"8277\" data-end=\"8311\">reobrim el proc\u00e9s de codisseny<\/strong>. Aix\u00ed evitem promeses buides i garantim que l\u2019escala no dilueixi l\u2019ess\u00e8ncia: <strong data-start=\"8389\" data-end=\"8441\">tecnologia al servei de la mem\u00f2ria i la tendresa<\/strong>.<\/p>\n[\/nectar_responsive_text][\/vc_column_inner][\/vc_row_inner][\/vc_column][vc_column column_padding=&#8221;no-extra-padding&#8221; column_padding_tablet=&#8221;inherit&#8221; column_padding_phone=&#8221;inherit&#8221; column_padding_position=&#8221;all&#8221; column_element_direction_desktop=&#8221;default&#8221; column_element_spacing=&#8221;20px&#8221; desktop_text_alignment=&#8221;default&#8221; tablet_text_alignment=&#8221;default&#8221; phone_text_alignment=&#8221;default&#8221; background_color_opacity=&#8221;1&#8243; background_hover_color_opacity=&#8221;1&#8243; column_backdrop_filter=&#8221;none&#8221; column_shadow=&#8221;none&#8221; column_border_radius=&#8221;none&#8221; column_link_target=&#8221;_self&#8221; column_position=&#8221;default&#8221; gradient_direction=&#8221;left_to_right&#8221; overlay_strength=&#8221;0.3&#8243; width=&#8221;2\/3&#8243; tablet_width_inherit=&#8221;default&#8221; animation_type=&#8221;default&#8221; enable_animation=&#8221;true&#8221; animation=&#8221;fade-in&#8221; animation_easing=&#8221;default&#8221; bg_image_animation=&#8221;none&#8221; border_type=&#8221;simple&#8221; column_border_width=&#8221;none&#8221; column_border_style=&#8221;solid&#8221; column_padding_type=&#8221;default&#8221; gradient_type=&#8221;default&#8221;][image_with_animation image_url=&#8221;326&#8243; image_size=&#8221;full&#8221; max_width=&#8221;100%&#8221; max_width_mobile=&#8221;default&#8221; animation_type=&#8221;entrance&#8221; animation=&#8221;None&#8221; animation_movement_type=&#8221;transform_y&#8221; hover_animation=&#8221;none&#8221; alignment=&#8221;&#8221; border_radius=&#8221;20px&#8221; box_shadow=&#8221;none&#8221; image_loading=&#8221;skip-lazy-load&#8221;][image_with_animation image_url=&#8221;328&#8243; image_size=&#8221;portfolio-thumb_large&#8221; max_width=&#8221;none&#8221; max_width_mobile=&#8221;default&#8221; animation_type=&#8221;entrance&#8221; animation=&#8221;None&#8221; animation_movement_type=&#8221;transform_y&#8221; hover_animation=&#8221;none&#8221; alignment=&#8221;&#8221; border_radius=&#8221;20px&#8221; box_shadow=&#8221;none&#8221; image_loading=&#8221;default&#8221;][\/vc_column][\/vc_row]\n","protected":false},"excerpt":{"rendered":"<p>[vc_row type=&#8221;full_width_background&#8221; full_screen_row_position=&#8221;middle&#8221; column_margin=&#8221;custom&#8221; column_margin_custom=&#8221;4%&#8221; column_direction=&#8221;default&#8221; column_direction_tablet=&#8221;default&#8221; column_direction_phone=&#8221;default&#8221; scene_position=&#8221;center&#8221; top_padding_phone=&#8221;10&#8243; text_color=&#8221;dark&#8221; text_align=&#8221;left&#8221; row_border_radius=&#8221;none&#8221; row_border_radius_applies=&#8221;bg&#8221; overflow=&#8221;visible&#8221; overlay_strength=&#8221;0.3&#8243; gradient_direction=&#8221;left_to_right&#8221; shape_divider_position=&#8221;bottom&#8221; bg_image_animation=&#8221;none&#8221; gradient_type=&#8221;default&#8221; shape_type=&#8221;&#8221;][vc_column column_padding=&#8221;no-extra-padding&#8221; column_padding_tablet=&#8221;inherit&#8221; column_padding_phone=&#8221;inherit&#8221; column_padding_position=&#8221;all&#8221; column_element_direction_desktop=&#8221;default&#8221; column_element_spacing=&#8221;30px&#8221; desktop_text_alignment=&#8221;default&#8221; tablet_text_alignment=&#8221;default&#8221; phone_text_alignment=&#8221;default&#8221;&#8230;<\/p>\n","protected":false},"author":2,"featured_media":0,"parent":0,"menu_order":0,"comment_status":"closed","ping_status":"closed","template":"","meta":{"footnotes":""},"class_list":["post-297","page","type-page","status-publish"],"_links":{"self":[{"href":"https:\/\/dansesdelsrecordsxr.com\/index.php\/wp-json\/wp\/v2\/pages\/297","targetHints":{"allow":["GET"]}}],"collection":[{"href":"https:\/\/dansesdelsrecordsxr.com\/index.php\/wp-json\/wp\/v2\/pages"}],"about":[{"href":"https:\/\/dansesdelsrecordsxr.com\/index.php\/wp-json\/wp\/v2\/types\/page"}],"author":[{"embeddable":true,"href":"https:\/\/dansesdelsrecordsxr.com\/index.php\/wp-json\/wp\/v2\/users\/2"}],"replies":[{"embeddable":true,"href":"https:\/\/dansesdelsrecordsxr.com\/index.php\/wp-json\/wp\/v2\/comments?post=297"}],"version-history":[{"count":4,"href":"https:\/\/dansesdelsrecordsxr.com\/index.php\/wp-json\/wp\/v2\/pages\/297\/revisions"}],"predecessor-version":[{"id":329,"href":"https:\/\/dansesdelsrecordsxr.com\/index.php\/wp-json\/wp\/v2\/pages\/297\/revisions\/329"}],"wp:attachment":[{"href":"https:\/\/dansesdelsrecordsxr.com\/index.php\/wp-json\/wp\/v2\/media?parent=297"}],"curies":[{"name":"wp","href":"https:\/\/api.w.org\/{rel}","templated":true}]}}